{"id":314,"date":"2025-02-10T00:01:28","date_gmt":"2025-02-10T00:01:28","guid":{"rendered":"https:\/\/insumosganaderos.com.ar\/shop\/?post_type=product&#038;p=314"},"modified":"2025-02-10T03:45:55","modified_gmt":"2025-02-10T03:45:55","slug":"jeringa-automatica-20-ccp-bidon","status":"publish","type":"product","link":"https:\/\/insumosganaderos.com.ar\/shop\/producto\/jeringa-automatica-20-ccp-bidon\/","title":{"rendered":"Jeringa autom\u00e1tica 20 ccp\/bidon"},"content":{"rendered":"<p>Bienvenidos, somos INSUMOS GANADEROS, tu aliado confiable en el mundo agropecuario; expertos en la importaci\u00f3n, fabricacion y comercializaci\u00f3n de suministros agropecuarios de alta calidad. Destacamos por:<br \/>\n&#8211; Env\u00edos gratuitos a nivel nacional: Llevamos nuestros productos a todos los rincones del pa\u00eds sin costo adicional para ti.<br \/>\n&#8211; Garant\u00eda de calidad: Todos nuestros productos est\u00e1n respaldados por nuestra garant\u00eda de calidad.<\/p>\n<p>Garant\u00eda del vendedor: 30 d\u00edas<\/p>\n","protected":false},"excerpt":{"rendered":"<p>EQUIPO AUTODOSIFICADOR para uso veterinario<\/p>\n<p>MARCA PRIMOR instrumental veterinario de maxima calidad<br \/>\nModelo Primor Matic<br \/>\nPara administar productos inyectables u orales<br \/>\nCapacidad: 20cc<\/p>\n","protected":false},"featured_media":312,"template":"","meta":{"_joinchat":[]},"product_brand":[],"product_cat":[16],"product_tag":[],"class_list":{"0":"post-314","1":"product","2":"type-product","3":"status-publish","4":"has-post-thumbnail","6":"product_cat-jeringas-automaticas","8":"first","9":"instock","10":"taxable","11":"shipping-taxable","12":"purchasable","13":"product-type-simple"},"_links":{"self":[{"href":"https:\/\/insumosganaderos.com.ar\/shop\/wp-json\/wp\/v2\/product\/314","targetHints":{"allow":["GET"]}}],"collection":[{"href":"https:\/\/insumosganaderos.com.ar\/shop\/wp-json\/wp\/v2\/product"}],"about":[{"href":"https:\/\/insumosganaderos.com.ar\/shop\/wp-json\/wp\/v2\/types\/product"}],"wp:featuredmedia":[{"embeddable":true,"href":"https:\/\/insumosganaderos.com.ar\/shop\/wp-json\/wp\/v2\/media\/312"}],"wp:attachment":[{"href":"https:\/\/insumosganaderos.com.ar\/shop\/wp-json\/wp\/v2\/media?parent=314"}],"wp:term":[{"taxonomy":"product_brand","embeddable":true,"href":"https:\/\/insumosganaderos.com.ar\/shop\/wp-json\/wp\/v2\/product_brand?post=314"},{"taxonomy":"product_cat","embeddable":true,"href":"https:\/\/insumosganaderos.com.ar\/shop\/wp-json\/wp\/v2\/product_cat?post=314"},{"taxonomy":"product_tag","embeddable":true,"href":"https:\/\/insumosganaderos.com.ar\/shop\/wp-json\/wp\/v2\/product_tag?post=314"}],"curies":[{"name":"wp","href":"https:\/\/api.w.org\/{rel}","templated":true}]}}