{"id":2439,"date":"2025-02-05T20:35:07","date_gmt":"2025-02-05T20:35:07","guid":{"rendered":"https:\/\/insumosganaderos.com.ar\/shop\/?post_type=product&#038;p=2439"},"modified":"2025-02-05T20:35:08","modified_gmt":"2025-02-05T20:35:08","slug":"kit-de-repuesto-p-jeringa-metalica-x50cc","status":"publish","type":"product","link":"https:\/\/insumosganaderos.com.ar\/shop\/producto\/kit-de-repuesto-p-jeringa-metalica-x50cc\/","title":{"rendered":"Kit de Repuesto p\/Jeringa Metalica x50cc"},"content":{"rendered":"<p>Bienvenidos, somos INSUMOS GANADEROS, tu aliado confiable en el mundo agropecuario; expertos en la importaci\u00f3n, fabricacion y comercializaci\u00f3n de suministros agropecuarios de alta calidad. Destacamos por:<br \/>\n\u2013 Env\u00edos gratuitos a nivel nacional: Llevamos nuestros productos a todos los rincones del pa\u00eds sin costo adicional para ti.<br \/>\n\u2013 Garant\u00eda de calidad: Todos nuestros productos est\u00e1n respaldados por nuestra garant\u00eda de calidad.<\/p>\n<p>Garant\u00eda del vendedor: 30 d\u00edas<\/p>\n","protected":false},"excerpt":{"rendered":"<p>1-KIT DE GOMA x 50cc<br \/>\n1-TUBO ACRILICO x 50cc<\/p>\n","protected":false},"featured_media":2440,"template":"","meta":{"_joinchat":[]},"product_brand":[],"product_cat":[30],"product_tag":[],"class_list":{"0":"post-2439","1":"product","2":"type-product","3":"status-publish","4":"has-post-thumbnail","6":"product_cat-repuestos-de-jeringas","8":"first","9":"instock","10":"taxable","11":"shipping-taxable","12":"purchasable","13":"product-type-simple"},"_links":{"self":[{"href":"https:\/\/insumosganaderos.com.ar\/shop\/wp-json\/wp\/v2\/product\/2439","targetHints":{"allow":["GET"]}}],"collection":[{"href":"https:\/\/insumosganaderos.com.ar\/shop\/wp-json\/wp\/v2\/product"}],"about":[{"href":"https:\/\/insumosganaderos.com.ar\/shop\/wp-json\/wp\/v2\/types\/product"}],"wp:featuredmedia":[{"embeddable":true,"href":"https:\/\/insumosganaderos.com.ar\/shop\/wp-json\/wp\/v2\/media\/2440"}],"wp:attachment":[{"href":"https:\/\/insumosganaderos.com.ar\/shop\/wp-json\/wp\/v2\/media?parent=2439"}],"wp:term":[{"taxonomy":"product_brand","embeddable":true,"href":"https:\/\/insumosganaderos.com.ar\/shop\/wp-json\/wp\/v2\/product_brand?post=2439"},{"taxonomy":"product_cat","embeddable":true,"href":"https:\/\/insumosganaderos.com.ar\/shop\/wp-json\/wp\/v2\/product_cat?post=2439"},{"taxonomy":"product_tag","embeddable":true,"href":"https:\/\/insumosganaderos.com.ar\/shop\/wp-json\/wp\/v2\/product_tag?post=2439"}],"curies":[{"name":"wp","href":"https:\/\/api.w.org\/{rel}","templated":true}]}}