{"id":2436,"date":"2025-02-10T00:01:43","date_gmt":"2025-02-10T00:01:43","guid":{"rendered":"https:\/\/insumosganaderos.com.ar\/shop\/?post_type=product&#038;p=2436"},"modified":"2025-02-10T03:45:26","modified_gmt":"2025-02-10T03:45:26","slug":"agujas-hipodermicas-x12uni","status":"publish","type":"product","link":"https:\/\/insumosganaderos.com.ar\/shop\/producto\/agujas-hipodermicas-x12uni\/","title":{"rendered":"Agujas Hipodermicas x12Uni"},"content":{"rendered":"<p>Las agujas hipod\u00e9rmicas met\u00e1licas en veterinaria son herramientas esenciales utilizadas para la administraci\u00f3n de medicamentos, vacunaci\u00f3n, extracci\u00f3n de sangre y otros fluidos corporales en animales de diferentes tama\u00f1os y especies. Est\u00e1n dise\u00f1ados para ser resistentes y eficaces en una amplia variedad de contextos cl\u00ednicos veterinarios, desde peque\u00f1as mascotas hasta grandes animales como ganado o caballos.<br \/>\nMaterial: Est\u00e1n fabricados con acero inoxidable de alta calidad, lo que les otorga resistencia a la corrosi\u00f3n, durabilidad, evitando que se doblen.<\/p>\n<p>Garant\u00eda del vendedor: 30 d\u00edas<\/p>\n","protected":false},"excerpt":{"rendered":"<p>Kit de agujas x12 unidades<\/p>\n","protected":false},"featured_media":306,"template":"","meta":{"_joinchat":[]},"product_brand":[],"product_cat":[30,18],"product_tag":[],"class_list":{"0":"post-2436","1":"product","2":"type-product","3":"status-publish","4":"has-post-thumbnail","6":"product_cat-repuestos-de-jeringas","7":"product_cat-vacunacion","9":"first","10":"instock","11":"taxable","12":"shipping-taxable","13":"purchasable","14":"product-type-simple"},"_links":{"self":[{"href":"https:\/\/insumosganaderos.com.ar\/shop\/wp-json\/wp\/v2\/product\/2436","targetHints":{"allow":["GET"]}}],"collection":[{"href":"https:\/\/insumosganaderos.com.ar\/shop\/wp-json\/wp\/v2\/product"}],"about":[{"href":"https:\/\/insumosganaderos.com.ar\/shop\/wp-json\/wp\/v2\/types\/product"}],"wp:featuredmedia":[{"embeddable":true,"href":"https:\/\/insumosganaderos.com.ar\/shop\/wp-json\/wp\/v2\/media\/306"}],"wp:attachment":[{"href":"https:\/\/insumosganaderos.com.ar\/shop\/wp-json\/wp\/v2\/media?parent=2436"}],"wp:term":[{"taxonomy":"product_brand","embeddable":true,"href":"https:\/\/insumosganaderos.com.ar\/shop\/wp-json\/wp\/v2\/product_brand?post=2436"},{"taxonomy":"product_cat","embeddable":true,"href":"https:\/\/insumosganaderos.com.ar\/shop\/wp-json\/wp\/v2\/product_cat?post=2436"},{"taxonomy":"product_tag","embeddable":true,"href":"https:\/\/insumosganaderos.com.ar\/shop\/wp-json\/wp\/v2\/product_tag?post=2436"}],"curies":[{"name":"wp","href":"https:\/\/api.w.org\/{rel}","templated":true}]}}