{"id":226,"date":"2025-02-10T00:01:25","date_gmt":"2025-02-10T00:01:25","guid":{"rendered":"https:\/\/insumosganaderos.com.ar\/shop\/?post_type=product&#038;p=226"},"modified":"2025-02-10T03:44:03","modified_gmt":"2025-02-10T03:44:03","slug":"jeringa-automatica-cuerpo-plastico-kit-repuestos-12-agujas","status":"publish","type":"product","link":"https:\/\/insumosganaderos.com.ar\/shop\/producto\/jeringa-automatica-cuerpo-plastico-kit-repuestos-12-agujas\/","title":{"rendered":"Jeringa Automatica Cuerpo Pl\u00e1stico+ Kit Repuestos+ 12 Agujas"},"content":{"rendered":"<p>Bienvenidos, somos INSUMOS GANADEROS, tu aliado confiable en el mundo agropecuario; expertos en la importaci\u00f3n, fabricacion y comercializaci\u00f3n de suministros agropecuarios de alta calidad. Destacamos por:<br \/>\n&#8211; Env\u00edos gratuitos a nivel nacional: Llevamos nuestros productos a todos los rincones del pa\u00eds sin costo adicional para ti.<br \/>\n&#8211; Garant\u00eda de calidad: Todos nuestros productos est\u00e1n respaldados por nuestra garant\u00eda de calidad.<\/p>\n<p>Las jeringas autom\u00e1ticas est\u00e1n dise\u00f1adas para un uso c\u00f3modo, con mangos que permiten una aplicaci\u00f3n continua y reducen la fatiga del usuario. Est\u00e1n fabricadas con materiales de alta resistencia, lo que asegura durabilidad en condiciones exigentes.<\/p>\n","protected":false},"excerpt":{"rendered":"<p>1-JERINGA AUTOMATICA CUERPO PL\u00c1STICO<br \/>\n1-KIT DE GOMAS<br \/>\n1-TUBO DE ACRILICO<br \/>\n12 AGUJAS HIPODERMICAS<\/p>\n<p>Garant\u00eda del vendedor: 1 mes<\/p>\n<p>Garant\u00eda del vendedor: 30 d\u00edas<\/p>\n","protected":false},"featured_media":2441,"template":"","meta":{"_joinchat":[]},"product_brand":[],"product_cat":[16],"product_tag":[],"class_list":{"0":"post-226","1":"product","2":"type-product","3":"status-publish","4":"has-post-thumbnail","6":"product_cat-jeringas-automaticas","8":"first","9":"instock","10":"featured","11":"taxable","12":"shipping-taxable","13":"purchasable","14":"product-type-simple"},"_links":{"self":[{"href":"https:\/\/insumosganaderos.com.ar\/shop\/wp-json\/wp\/v2\/product\/226","targetHints":{"allow":["GET"]}}],"collection":[{"href":"https:\/\/insumosganaderos.com.ar\/shop\/wp-json\/wp\/v2\/product"}],"about":[{"href":"https:\/\/insumosganaderos.com.ar\/shop\/wp-json\/wp\/v2\/types\/product"}],"wp:featuredmedia":[{"embeddable":true,"href":"https:\/\/insumosganaderos.com.ar\/shop\/wp-json\/wp\/v2\/media\/2441"}],"wp:attachment":[{"href":"https:\/\/insumosganaderos.com.ar\/shop\/wp-json\/wp\/v2\/media?parent=226"}],"wp:term":[{"taxonomy":"product_brand","embeddable":true,"href":"https:\/\/insumosganaderos.com.ar\/shop\/wp-json\/wp\/v2\/product_brand?post=226"},{"taxonomy":"product_cat","embeddable":true,"href":"https:\/\/insumosganaderos.com.ar\/shop\/wp-json\/wp\/v2\/product_cat?post=226"},{"taxonomy":"product_tag","embeddable":true,"href":"https:\/\/insumosganaderos.com.ar\/shop\/wp-json\/wp\/v2\/product_tag?post=226"}],"curies":[{"name":"wp","href":"https:\/\/api.w.org\/{rel}","templated":true}]}}