{"id":140,"date":"2025-01-23T17:39:27","date_gmt":"2025-01-23T17:39:27","guid":{"rendered":"https:\/\/insumosganaderos.com.ar\/shop\/?post_type=product&#038;p=140"},"modified":"2025-01-23T17:39:27","modified_gmt":"2025-01-23T17:39:27","slug":"kit-aplicador-universal-de-5-agujas-para-pendientes-de-ganado-vacuno-y-ovino","status":"publish","type":"product","link":"https:\/\/insumosganaderos.com.ar\/shop\/producto\/kit-aplicador-universal-de-5-agujas-para-pendientes-de-ganado-vacuno-y-ovino\/","title":{"rendered":"Kit aplicador universal de 5 agujas para pendientes de ganado vacuno y ovino"},"content":{"rendered":"<div class=\"ui-pdp-container__col col-3 ui-pdp-container--column-center pb-40\">\n<div class=\"ui-pdp--sticky-wrapper ui-pdp--sticky-wrapper-center\">\n<div class=\"ui-pdp-container__row\">\n<div class=\"ui-pdp-container__col col-1 ui-pdp-with--separator ui-pdp-with--separator--40\">\n<div class=\"ui-pdp-specs pl-45 pr-45\">\n<div class=\"ui-pdp-list ui-pdp-specs__list\">\n<p class=\"ui-pdp-family--REGULAR ui-pdp-list__text\">El kit aplicador universal de 5 agujas para pendientes es la soluci\u00f3n ideal para quienes buscan practicidad y eficiencia a la hora de manipular ganado. Hechas de acero inoxidable, estas agujas son duraderas y resistentes a la corrosi\u00f3n, lo que garantiza una larga vida \u00fatil. Con un elegante dise\u00f1o plateado, cada aguja tiene una longitud de 32,5 mm y un di\u00e1metro de rosca de 5 mm, con un peso de solo 3 g, lo que facilita su manejo. Este kit es adecuado para su uso en una variedad de animales, incluidos bovinos, porcinos, caprinos y ovinos. Adem\u00e1s, el producto incluye agujas de repuesto, lo que proporciona una mayor comodidad. Cabe destacar que los pendientes identificativos no est\u00e1n incluidos, lo que te permite elegir los que mejor se adapten a tus necesidades. Con este kit, la colocaci\u00f3n de los pendientes se convierte en una tarea sencilla y eficiente, ideal para la gesti\u00f3n moderna del reba\u00f1o.<\/p>\n<\/div>\n<\/div>\n<\/div>\n<\/div>\n<div class=\"ui-pdp-container__row\">\n<div class=\"ui-pdp-container__col col-1\">\n<div id=\"third_party_second_section\" class=\"ui-pdp-container__row ui-pdp-container__row--third-party-second-section\">\n<div class=\"pl-45 pr-45\">\n<div id=\"\">\n<div id=\"trustvox-container\"><\/div>\n<\/div>\n<\/div>\n<\/div>\n<\/div>\n<\/div>\n<div class=\"ui-pdp-container__row\">\n<div class=\"ui-pdp-container__col col-1\"><\/div>\n<\/div>\n<\/div>\n<\/div>\n<div class=\"ui-pdp-container__col col-1 ui-pdp-container--column-right mt-16 pr-16\">\n<div class=\"ui-pdp--sticky-wrapper ui-pdp--sticky-wrapper-right\">\n<div class=\"ui-pdp-container__row\">\n<form id=\"buybox-form\" class=\"ui-pdp-buybox\" method=\"get\">\n<div class=\"ui-pdp-media ui-pdp-shipping ui-pdp-shipping--md mb-20 ui-pdp-color--BLACK\">\n<div class=\"ui-pdp-media__body\"><\/div>\n<\/div>\n<\/form>\n<\/div>\n<\/div>\n<\/div>\n","protected":false},"excerpt":{"rendered":"<ul class=\"ui-pdp-features mt-24\">\n<li class=\"ui-pdp-features__item\">Color plateado que aporta un aspecto profesional y duradero.<\/li>\n<li class=\"ui-pdp-features__item\">Fabricado en acero inoxidable para mayor resistencia.<\/li>\n<li class=\"ui-pdp-features__item\">Incluye aguja de repuesto para un uso prolongado.<\/li>\n<\/ul>\n","protected":false},"featured_media":143,"template":"","meta":{"_joinchat":[]},"product_brand":[],"product_cat":[15],"product_tag":[],"class_list":{"0":"post-140","1":"product","2":"type-product","3":"status-publish","4":"has-post-thumbnail","6":"product_cat-sin-categorizar","8":"first","9":"instock","10":"taxable","11":"shipping-taxable","12":"purchasable","13":"product-type-simple"},"_links":{"self":[{"href":"https:\/\/insumosganaderos.com.ar\/shop\/wp-json\/wp\/v2\/product\/140","targetHints":{"allow":["GET"]}}],"collection":[{"href":"https:\/\/insumosganaderos.com.ar\/shop\/wp-json\/wp\/v2\/product"}],"about":[{"href":"https:\/\/insumosganaderos.com.ar\/shop\/wp-json\/wp\/v2\/types\/product"}],"wp:featuredmedia":[{"embeddable":true,"href":"https:\/\/insumosganaderos.com.ar\/shop\/wp-json\/wp\/v2\/media\/143"}],"wp:attachment":[{"href":"https:\/\/insumosganaderos.com.ar\/shop\/wp-json\/wp\/v2\/media?parent=140"}],"wp:term":[{"taxonomy":"product_brand","embeddable":true,"href":"https:\/\/insumosganaderos.com.ar\/shop\/wp-json\/wp\/v2\/product_brand?post=140"},{"taxonomy":"product_cat","embeddable":true,"href":"https:\/\/insumosganaderos.com.ar\/shop\/wp-json\/wp\/v2\/product_cat?post=140"},{"taxonomy":"product_tag","embeddable":true,"href":"https:\/\/insumosganaderos.com.ar\/shop\/wp-json\/wp\/v2\/product_tag?post=140"}],"curies":[{"name":"wp","href":"https:\/\/api.w.org\/{rel}","templated":true}]}}