{"id":136,"date":"2025-01-23T17:34:02","date_gmt":"2025-01-23T17:34:02","guid":{"rendered":"https:\/\/insumosganaderos.com.ar\/shop\/?post_type=product&#038;p=136"},"modified":"2025-02-05T20:49:21","modified_gmt":"2025-02-05T20:49:21","slug":"agujas-hipodermicas-primor-x-12-docenas","status":"publish","type":"product","link":"https:\/\/insumosganaderos.com.ar\/shop\/producto\/agujas-hipodermicas-primor-x-12-docenas\/","title":{"rendered":"Agujas Hipodermicas  X 12 Docenas"},"content":{"rendered":"<p>Las agujas hipod\u00e9rmicas met\u00e1licas en veterinaria son herramientas esenciales utilizadas para la administraci\u00f3n de medicamentos, vacunaci\u00f3n, extracci\u00f3n de sangre y otros fluidos corporales en animales de diferentes tama\u00f1os y especies. Est\u00e1n dise\u00f1ados para ser resistentes y eficaces en una amplia variedad de contextos cl\u00ednicos veterinarios, desde peque\u00f1as mascotas hasta grandes animales como ganado o caballos. ### Caracter\u00edsticas de las agujas hipod\u00e9rmicas met\u00e1licas en veterinaria: 1. **Material**: Est\u00e1n fabricados con acero inoxidable de alta calidad, lo que les otorga resistencia a la corrosi\u00f3n, durabilidad, evitando que se doblen.<\/p>\n<p>-12 DOCENAS X 12 UNIDADES<\/p>\n<p>Garant\u00eda del vendedor: 30 d\u00edas<\/p>\n","protected":false},"excerpt":{"rendered":"<p class=\"ui-pdp-title\">Agujas Hipodermicas X 12 Docenas<\/p>\n<p>-12 DOCENAS X 12 UNIDADES<\/p>\n<p>&nbsp;<\/p>\n","protected":false},"featured_media":137,"template":"","meta":{"_joinchat":[]},"product_brand":[],"product_cat":[18],"product_tag":[],"class_list":{"0":"post-136","1":"product","2":"type-product","3":"status-publish","4":"has-post-thumbnail","6":"product_cat-vacunacion","8":"first","9":"instock","10":"taxable","11":"shipping-taxable","12":"purchasable","13":"product-type-simple"},"_links":{"self":[{"href":"https:\/\/insumosganaderos.com.ar\/shop\/wp-json\/wp\/v2\/product\/136","targetHints":{"allow":["GET"]}}],"collection":[{"href":"https:\/\/insumosganaderos.com.ar\/shop\/wp-json\/wp\/v2\/product"}],"about":[{"href":"https:\/\/insumosganaderos.com.ar\/shop\/wp-json\/wp\/v2\/types\/product"}],"wp:featuredmedia":[{"embeddable":true,"href":"https:\/\/insumosganaderos.com.ar\/shop\/wp-json\/wp\/v2\/media\/137"}],"wp:attachment":[{"href":"https:\/\/insumosganaderos.com.ar\/shop\/wp-json\/wp\/v2\/media?parent=136"}],"wp:term":[{"taxonomy":"product_brand","embeddable":true,"href":"https:\/\/insumosganaderos.com.ar\/shop\/wp-json\/wp\/v2\/product_brand?post=136"},{"taxonomy":"product_cat","embeddable":true,"href":"https:\/\/insumosganaderos.com.ar\/shop\/wp-json\/wp\/v2\/product_cat?post=136"},{"taxonomy":"product_tag","embeddable":true,"href":"https:\/\/insumosganaderos.com.ar\/shop\/wp-json\/wp\/v2\/product_tag?post=136"}],"curies":[{"name":"wp","href":"https:\/\/api.w.org\/{rel}","templated":true}]}}