{"id":127,"date":"2025-01-23T17:27:16","date_gmt":"2025-01-23T17:27:16","guid":{"rendered":"https:\/\/insumosganaderos.com.ar\/shop\/?post_type=product&#038;p=127"},"modified":"2025-01-23T17:30:46","modified_gmt":"2025-01-23T17:30:46","slug":"guantes-de-nitrilo-negro-oferta","status":"publish","type":"product","link":"https:\/\/insumosganaderos.com.ar\/shop\/producto\/guantes-de-nitrilo-negro-oferta\/","title":{"rendered":"Guantes De Nitrilo Negro Oferta!"},"content":{"rendered":"<p>Los guantes descartables DE NITRILO son seguros para muchas aplicaciones: cuidado de la salud, industria, manipulaci\u00f3n de alimentos, limpieza y muchos m\u00e1s. Protegen tus manos y te permiten trabajar con seguridad. Adem\u00e1s, previenen enfermedades y te protegen del contacto directo con todo material nocivo.<\/p>\n<p>Guantes descartables de nitrilo<br \/>\nActualmente, existe una tendencia orientada al uso de guantes sin l\u00e1tex y sin polvo. Los guantes de nitrilo son una alternativa ideal para aquellas personas con alergia al l\u00e1tex. Muy utilizados en el \u00e1mbito de la salud, resisten a la permeabilizaci\u00f3n de productos qu\u00edmicos, virus y bacterias.<\/p>\n","protected":false},"excerpt":{"rendered":"<p>Guantes descartables de nitrilo<\/p>\n","protected":false},"featured_media":134,"template":"","meta":{"_joinchat":[]},"product_brand":[],"product_cat":[19],"product_tag":[27,26],"class_list":{"0":"post-127","1":"product","2":"type-product","3":"status-publish","4":"has-post-thumbnail","6":"product_cat-insumos-descartables","7":"product_tag-descartabes","8":"product_tag-guantes","10":"first","11":"instock","12":"taxable","13":"shipping-taxable","14":"purchasable","15":"product-type-simple"},"_links":{"self":[{"href":"https:\/\/insumosganaderos.com.ar\/shop\/wp-json\/wp\/v2\/product\/127","targetHints":{"allow":["GET"]}}],"collection":[{"href":"https:\/\/insumosganaderos.com.ar\/shop\/wp-json\/wp\/v2\/product"}],"about":[{"href":"https:\/\/insumosganaderos.com.ar\/shop\/wp-json\/wp\/v2\/types\/product"}],"wp:featuredmedia":[{"embeddable":true,"href":"https:\/\/insumosganaderos.com.ar\/shop\/wp-json\/wp\/v2\/media\/134"}],"wp:attachment":[{"href":"https:\/\/insumosganaderos.com.ar\/shop\/wp-json\/wp\/v2\/media?parent=127"}],"wp:term":[{"taxonomy":"product_brand","embeddable":true,"href":"https:\/\/insumosganaderos.com.ar\/shop\/wp-json\/wp\/v2\/product_brand?post=127"},{"taxonomy":"product_cat","embeddable":true,"href":"https:\/\/insumosganaderos.com.ar\/shop\/wp-json\/wp\/v2\/product_cat?post=127"},{"taxonomy":"product_tag","embeddable":true,"href":"https:\/\/insumosganaderos.com.ar\/shop\/wp-json\/wp\/v2\/product_tag?post=127"}],"curies":[{"name":"wp","href":"https:\/\/api.w.org\/{rel}","templated":true}]}}